{"id":7018,"date":"2026-02-17T11:17:52","date_gmt":"2026-02-17T11:17:52","guid":{"rendered":"https:\/\/digitactile.com\/?post_type=product&#038;p=7018"},"modified":"2026-02-19T14:01:00","modified_gmt":"2026-02-19T14:01:00","slug":"ecran-led-indoor-au-maroc","status":"publish","type":"product","link":"https:\/\/digitactile.com\/index.php\/produit\/ecran-led-indoor-au-maroc\/","title":{"rendered":"Ecran LED P2,5 indoor au Maroc"},"content":{"rendered":"\t\t<div data-elementor-type=\"wp-post\" data-elementor-id=\"7018\" class=\"elementor elementor-7018\">\n\t\t\t\t<div class=\"elementor-element elementor-element-3d6de7e0 e-flex e-con-boxed e-con e-parent\" data-id=\"3d6de7e0\" data-element_type=\"container\" data-e-type=\"container\">\n\t\t\t\t\t<div class=\"e-con-inner\">\n\t\t\t\t<div class=\"elementor-element elementor-element-41b1002f elementor-widget elementor-widget-text-editor\" data-id=\"41b1002f\" data-element_type=\"widget\" data-e-type=\"widget\" data-widget_type=\"text-editor.default\">\n\t\t\t\t<div class=\"elementor-widget-container\">\n\t\t\t\t\t\t\t\t\t<p data-start=\"0\" data-end=\"62\"><strong data-start=\"0\" data-end=\"60\">\u00c9cran LED Indoor P2.5 \/ Cabinet 1000\u00d7500 mm (Nationstar)<\/strong><\/p><p data-start=\"64\" data-end=\"409\">\u00c9cran LED int\u00e9rieur haute d\u00e9finition avec un pitch de 2.5 mm, offrant une image fine et d\u00e9taill\u00e9e, id\u00e9al pour les salles de conf\u00e9rence, magasins et \u00e9v\u00e9nements. Cabinet en aluminium de <strong data-start=\"248\" data-end=\"263\">1000\u00d7500 mm<\/strong>, facile \u00e0 installer et \u00e0 assembler. \u00c9quip\u00e9 de LEDs <strong data-start=\"315\" data-end=\"329\">Nationstar<\/strong> pour une excellente qualit\u00e9 d\u2019image, haute luminosit\u00e9 et longue dur\u00e9e de vie.<\/p><p data-start=\"411\" data-end=\"443\">Caract\u00e9ristiques principales :<\/p><ul data-start=\"444\" data-end=\"861\"><li data-start=\"444\" data-end=\"486\"><p data-start=\"446\" data-end=\"486\">Pitch : 2.5 mm (HD, vision rapproch\u00e9e)<\/p><\/li><li data-start=\"487\" data-end=\"510\"><p data-start=\"489\" data-end=\"510\">Cabinet : 100\u00d750 cm<\/p><\/li><li data-start=\"511\" data-end=\"551\"><p data-start=\"513\" data-end=\"551\">LED : Nationstar SMD (haute qualit\u00e9)<\/p><\/li><li data-start=\"552\" data-end=\"627\"><p data-start=\"554\" data-end=\"627\">Luminosit\u00e9 : env. 1000\u20132500 cd\/m\u00b2<\/p><\/li><li data-start=\"628\" data-end=\"697\"><p data-start=\"630\" data-end=\"697\">Densit\u00e9 : 160 000 pixels\/m\u00b2<\/p><\/li><li data-start=\"698\" data-end=\"774\"><p data-start=\"700\" data-end=\"774\">Refresh rate \u00e9lev\u00e9 (\u22651920\u20133840 Hz)<\/p><\/li><li data-start=\"775\" data-end=\"861\"><p data-start=\"777\" data-end=\"861\">Longue dur\u00e9e de vie : jusqu\u2019\u00e0 100 000 heures<\/p><\/li><\/ul><p data-start=\"863\" data-end=\"957\">Solution id\u00e9ale pour affichage professionnel en int\u00e9rieur avec excellente qualit\u00e9 visuelle.<\/p>\t\t\t\t\t\t\t\t<\/div>\n\t\t\t\t<\/div>\n\t\t\t\t\t<\/div>\n\t\t\t\t<\/div>\n\t\t\t\t<\/div>\n\t\t","protected":false},"excerpt":{"rendered":"<p>Trouvez les meilleures solutions d&rsquo;\u00c9cran LED au Maroc pour vos \u00e9v\u00e9nements int\u00e9rieurs et ext\u00e9rieurs. Nos \u00e9crans LED, disponibles en diff\u00e9rentes tailles et r\u00e9solutions, garantissent une qualit\u00e9 d&rsquo;image exceptionnelle et une performance optimale. Id\u00e9als pour la publicit\u00e9, la signalisation dynamique, et les installations professionnelles, nos \u00e9crans sont con\u00e7us pour r\u00e9pondre aux besoins des entreprises et <a href=\"https:\/\/rachabusinessgroup.com\/produits.php\">institutions marocaines<\/a>.\u00a0\u00bb<\/p>\n","protected":false},"featured_media":7023,"template":"","meta":{"_uag_custom_page_level_css":"","site-sidebar-layout":"default","site-content-layout":"","ast-site-content-layout":"default","site-content-style":"default","site-sidebar-style":"default","ast-global-header-display":"","ast-banner-title-visibility":"","ast-main-header-display":"","ast-hfb-above-header-display":"","ast-hfb-below-header-display":"","ast-hfb-mobile-header-display":"","site-post-title":"","ast-breadcrumbs-content":"","ast-featured-img":"","footer-sml-layout":"","ast-disable-related-posts":"","theme-transparent-header-meta":"default","adv-header-id-meta":"","stick-header-meta":"","header-above-stick-meta":"","header-main-stick-meta":"","header-below-stick-meta":"","astra-migrate-meta-layouts":"set","ast-page-background-enabled":"default","ast-page-background-meta":{"desktop":{"background-color":"var(--ast-global-color-4)","background-image":"","background-repeat":"repeat","background-position":"center center","background-size":"auto","background-attachment":"scroll","background-type":"","background-media":"","overlay-type":"","overlay-color":"","overlay-opacity":"","overlay-gradient":""},"tablet":{"background-color":"","background-image":"","background-repeat":"repeat","background-position":"center center","background-size":"auto","background-attachment":"scroll","background-type":"","background-media":"","overlay-type":"","overlay-color":"","overlay-opacity":"","overlay-gradient":""},"mobile":{"background-color":"","background-image":"","background-repeat":"repeat","background-position":"center center","background-size":"auto","background-attachment":"scroll","background-type":"","background-media":"","overlay-type":"","overlay-color":"","overlay-opacity":"","overlay-gradient":""}},"ast-content-background-meta":{"desktop":{"background-color":"var(--ast-global-color-5)","background-image":"","background-repeat":"repeat","background-position":"center center","background-size":"auto","background-attachment":"scroll","background-type":"","background-media":"","overlay-type":"","overlay-color":"","overlay-opacity":"","overlay-gradient":""},"tablet":{"background-color":"var(--ast-global-color-5)","background-image":"","background-repeat":"repeat","background-position":"center center","background-size":"auto","background-attachment":"scroll","background-type":"","background-media":"","overlay-type":"","overlay-color":"","overlay-opacity":"","overlay-gradient":""},"mobile":{"background-color":"var(--ast-global-color-5)","background-image":"","background-repeat":"repeat","background-position":"center center","background-size":"auto","background-attachment":"scroll","background-type":"","background-media":"","overlay-type":"","overlay-color":"","overlay-opacity":"","overlay-gradient":""}}},"product_brand":[],"product_cat":[61],"product_tag":[],"class_list":{"0":"post-7018","1":"product","2":"type-product","3":"status-publish","4":"has-post-thumbnail","6":"product_cat-ecran-led","7":"desktop-align-left","8":"tablet-align-left","9":"mobile-align-left","11":"first","12":"instock","13":"taxable","14":"shipping-taxable","15":"purchasable","16":"product-type-simple"},"aioseo_notices":[],"uagb_featured_image_src":{"full":["https:\/\/digitactile.com\/wp-content\/uploads\/2026\/02\/Nation-star-1m_05-.webp",1000,1000,false],"thumbnail":["https:\/\/digitactile.com\/wp-content\/uploads\/2026\/02\/Nation-star-1m_05--150x150.webp",150,150,true],"medium":["https:\/\/digitactile.com\/wp-content\/uploads\/2026\/02\/Nation-star-1m_05--300x300.webp",300,300,true],"medium_large":["https:\/\/digitactile.com\/wp-content\/uploads\/2026\/02\/Nation-star-1m_05--768x768.webp",768,768,true],"large":["https:\/\/digitactile.com\/wp-content\/uploads\/2026\/02\/Nation-star-1m_05-.webp",1000,1000,false],"1536x1536":["https:\/\/digitactile.com\/wp-content\/uploads\/2026\/02\/Nation-star-1m_05-.webp",1000,1000,false],"2048x2048":["https:\/\/digitactile.com\/wp-content\/uploads\/2026\/02\/Nation-star-1m_05-.webp",1000,1000,false],"woocommerce_thumbnail":["https:\/\/digitactile.com\/wp-content\/uploads\/2026\/02\/Nation-star-1m_05--300x300.webp",300,300,true],"woocommerce_single":["https:\/\/digitactile.com\/wp-content\/uploads\/2026\/02\/Nation-star-1m_05--600x600.webp",600,600,true],"woocommerce_gallery_thumbnail":["https:\/\/digitactile.com\/wp-content\/uploads\/2026\/02\/Nation-star-1m_05--100x100.webp",100,100,true]},"uagb_author_info":{"display_name":"driss","author_link":"https:\/\/digitactile.com\/index.php\/author\/"},"uagb_comment_info":0,"uagb_excerpt":"Trouvez les meilleures solutions d'\u00c9cran LED au Maroc pour vos \u00e9v\u00e9nements int\u00e9rieurs et ext\u00e9rieurs. Nos \u00e9crans LED, disponibles en diff\u00e9rentes tailles et r\u00e9solutions, garantissent une qualit\u00e9 d'image exceptionnelle et une performance optimale. Id\u00e9als pour la publicit\u00e9, la signalisation dynamique, et les installations professionnelles, nos \u00e9crans sont con\u00e7us pour r\u00e9pondre aux besoins des entreprises et institutions\u2026","jetpack_sharing_enabled":true,"_links":{"self":[{"href":"https:\/\/digitactile.com\/index.php\/wp-json\/wp\/v2\/product\/7018","targetHints":{"allow":["GET"]}}],"collection":[{"href":"https:\/\/digitactile.com\/index.php\/wp-json\/wp\/v2\/product"}],"about":[{"href":"https:\/\/digitactile.com\/index.php\/wp-json\/wp\/v2\/types\/product"}],"version-history":[{"count":5,"href":"https:\/\/digitactile.com\/index.php\/wp-json\/wp\/v2\/product\/7018\/revisions"}],"predecessor-version":[{"id":7031,"href":"https:\/\/digitactile.com\/index.php\/wp-json\/wp\/v2\/product\/7018\/revisions\/7031"}],"wp:featuredmedia":[{"embeddable":true,"href":"https:\/\/digitactile.com\/index.php\/wp-json\/wp\/v2\/media\/7023"}],"wp:attachment":[{"href":"https:\/\/digitactile.com\/index.php\/wp-json\/wp\/v2\/media?parent=7018"}],"wp:term":[{"taxonomy":"product_brand","embeddable":true,"href":"https:\/\/digitactile.com\/index.php\/wp-json\/wp\/v2\/product_brand?post=7018"},{"taxonomy":"product_cat","embeddable":true,"href":"https:\/\/digitactile.com\/index.php\/wp-json\/wp\/v2\/product_cat?post=7018"},{"taxonomy":"product_tag","embeddable":true,"href":"https:\/\/digitactile.com\/index.php\/wp-json\/wp\/v2\/product_tag?post=7018"}],"curies":[{"name":"wp","href":"https:\/\/api.w.org\/{rel}","templated":true}]}}