{"id":6780,"date":"2026-02-07T20:10:54","date_gmt":"2026-02-07T20:10:54","guid":{"rendered":"https:\/\/digitactile.com\/?post_type=product&#038;p=6780"},"modified":"2026-02-21T22:04:20","modified_gmt":"2026-02-21T22:04:20","slug":"ableau-interactif-65-pour-education-et-formation-au-maroc","status":"publish","type":"product","link":"https:\/\/digitactile.com\/index.php\/produit\/ableau-interactif-65-pour-education-et-formation-au-maroc\/","title":{"rendered":"\u00c9cran Interactif 65\u2033 4K UHD au Maroc"},"content":{"rendered":"\t\t<div data-elementor-type=\"wp-post\" data-elementor-id=\"6780\" class=\"elementor elementor-6780\">\n\t\t\t\t<div class=\"elementor-element elementor-element-39368868 e-flex e-con-boxed e-con e-parent\" data-id=\"39368868\" data-element_type=\"container\" data-e-type=\"container\">\n\t\t\t\t\t<div class=\"e-con-inner\">\n\t\t\t\t<div class=\"elementor-element elementor-element-0f065ba elementor-widget elementor-widget-button\" data-id=\"0f065ba\" data-element_type=\"widget\" data-e-type=\"widget\" data-widget_type=\"button.default\">\n\t\t\t\t<div class=\"elementor-widget-container\">\n\t\t\t\t\t\t\t\t\t<div class=\"elementor-button-wrapper\">\n\t\t\t\t\t<a class=\"elementor-button elementor-button-link elementor-size-sm\" href=\"https:\/\/digitactile.com\/wp-content\/uploads\/2026\/02\/Tableau-interactif-65-75-.pdf\">\n\t\t\t\t\t\t<span class=\"elementor-button-content-wrapper\">\n\t\t\t\t\t\t<span class=\"elementor-button-icon\">\n\t\t\t\t<svg aria-hidden=\"true\" class=\"e-font-icon-svg e-far-arrow-alt-circle-down\" viewBox=\"0 0 512 512\" xmlns=\"http:\/\/www.w3.org\/2000\/svg\"><path d=\"M256 8C119 8 8 119 8 256s111 248 248 248 248-111 248-248S393 8 256 8zm0 448c-110.5 0-200-89.5-200-200S145.5 56 256 56s200 89.5 200 200-89.5 200-200 200zm-32-316v116h-67c-10.7 0-16 12.9-8.5 20.5l99 99c4.7 4.7 12.3 4.7 17 0l99-99c7.6-7.6 2.2-20.5-8.5-20.5h-67V140c0-6.6-5.4-12-12-12h-40c-6.6 0-12 5.4-12 12z\"><\/path><\/svg>\t\t\t<\/span>\n\t\t\t\t\t\t\t\t\t<span class=\"elementor-button-text\">Fiche technique<\/span>\n\t\t\t\t\t<\/span>\n\t\t\t\t\t<\/a>\n\t\t\t\t<\/div>\n\t\t\t\t\t\t\t\t<\/div>\n\t\t\t\t<\/div>\n\t\t\t\t<div class=\"elementor-element elementor-element-775970c4 elementor-widget elementor-widget-text-editor\" data-id=\"775970c4\" data-element_type=\"widget\" data-e-type=\"widget\" data-widget_type=\"text-editor.default\">\n\t\t\t\t<div class=\"elementor-widget-container\">\n\t\t\t\t\t\t\t\t\t<h1 data-start=\"190\" data-end=\"582\">Tableau interactif 65 pouces 4K pour \u00e9coles et entreprises au Maroc:<\/h1><div class=\"TyagGW_tableContainer\"><div class=\"group TyagGW_tableWrapper flex flex-col-reverse w-fit\" tabindex=\"-1\"><p data-start=\"537\" data-end=\"848\">L\u2019<strong data-start=\"539\" data-end=\"569\">\u00c9cran Interactif 65 pouces<\/strong> est la solution id\u00e9ale pour moderniser vos salles de classe, centres de formation et bureaux au Maroc. \u00c9quip\u00e9 du <strong data-start=\"683\" data-end=\"705\">syst\u00e8me Android 13<\/strong> et de <strong data-start=\"712\" data-end=\"727\">4 Go de RAM<\/strong>, il garantit des performances fluides et stables pour l\u2019enseignement interactif et les pr\u00e9sentations professionnelles.<\/p><p data-start=\"850\" data-end=\"1188\">Sa <strong data-start=\"853\" data-end=\"885\">r\u00e9solution 3840 \u00d7 2160 @60Hz<\/strong> et sa technologie tactile <strong data-start=\"912\" data-end=\"925\">20 points<\/strong> permettent \u00e0 plusieurs utilisateurs d\u2019\u00e9crire simultan\u00e9ment avec une grande pr\u00e9cision. Le <strong data-start=\"1015\" data-end=\"1069\">syst\u00e8me de reconnaissance de l\u2019\u00e9criture manuscrite<\/strong> transforme automatiquement vos notes en texte num\u00e9rique clair, simplifiant les cours et les r\u00e9unions collaboratives.<\/p><p data-start=\"850\" data-end=\"1188\"><img fetchpriority=\"high\" decoding=\"async\" class=\"alignnone wp-image-7000 size-full\" src=\"https:\/\/digitactile.com\/wp-content\/uploads\/2026\/02\/test-fond-smart-board.webp\" alt=\"\" width=\"1536\" height=\"1024\" srcset=\"https:\/\/digitactile.com\/wp-content\/uploads\/2026\/02\/test-fond-smart-board.webp 1536w, https:\/\/digitactile.com\/wp-content\/uploads\/2026\/02\/test-fond-smart-board-300x200.webp 300w, https:\/\/digitactile.com\/wp-content\/uploads\/2026\/02\/test-fond-smart-board-1024x683.webp 1024w, https:\/\/digitactile.com\/wp-content\/uploads\/2026\/02\/test-fond-smart-board-768x512.webp 768w, https:\/\/digitactile.com\/wp-content\/uploads\/2026\/02\/test-fond-smart-board-600x400.webp 600w\" sizes=\"(max-width: 1536px) 100vw, 1536px\" \/><\/p><p data-start=\"1190\" data-end=\"1570\">Robuste et pr\u00eat \u00e0 l\u2019emploi, l\u2019\u00e9cran est livr\u00e9 avec <strong data-start=\"1241\" data-end=\"1286\">2 stylets, 1 pointeur et un support mural<\/strong>. Avec une <strong data-start=\"1297\" data-end=\"1324\">luminosit\u00e9 de 400 cd\/m\u00b2<\/strong> et des couleurs \u00e9clatantes, il assure un apprentissage et un travail collaboratif efficaces. Ce tableau interactif b\u00e9n\u00e9ficie d\u2019une <strong data-start=\"1456\" data-end=\"1477\">garantie de 2 ans<\/strong>, pour une utilisation durable et fiable dans tous vos projets \u00e9ducatifs ou professionnels.<\/p><\/div><\/div>\t\t\t\t\t\t\t\t<\/div>\n\t\t\t\t<\/div>\n\t\t\t\t\t<\/div>\n\t\t\t\t<\/div>\n\t\t\t\t<\/div>\n\t\t","protected":false},"excerpt":{"rendered":"<p>Le tableau interactif 65 pouces Android 12 TA-65 offre une exp\u00e9rience p\u00e9dagogique et professionnelle avanc\u00e9e au Maroc. \u00c9cran tactile 4K, technologie IR 20 points, cam\u00e9ra 48MP, microphones int\u00e9gr\u00e9s et compatibilit\u00e9 Windows, Mac et Linux : la solution id\u00e9ale pour \u00e9coles, centres de formation et salles de r\u00e9union modernes.<\/p>\n","protected":false},"featured_media":6799,"template":"","meta":{"_uag_custom_page_level_css":"","site-sidebar-layout":"default","site-content-layout":"","ast-site-content-layout":"default","site-content-style":"default","site-sidebar-style":"default","ast-global-header-display":"","ast-banner-title-visibility":"","ast-main-header-display":"","ast-hfb-above-header-display":"","ast-hfb-below-header-display":"","ast-hfb-mobile-header-display":"","site-post-title":"","ast-breadcrumbs-content":"","ast-featured-img":"","footer-sml-layout":"","ast-disable-related-posts":"","theme-transparent-header-meta":"default","adv-header-id-meta":"","stick-header-meta":"","header-above-stick-meta":"","header-main-stick-meta":"","header-below-stick-meta":"","astra-migrate-meta-layouts":"set","ast-page-background-enabled":"default","ast-page-background-meta":{"desktop":{"background-color":"var(--ast-global-color-4)","background-image":"","background-repeat":"repeat","background-position":"center center","background-size":"auto","background-attachment":"scroll","background-type":"","background-media":"","overlay-type":"","overlay-color":"","overlay-opacity":"","overlay-gradient":""},"tablet":{"background-color":"","background-image":"","background-repeat":"repeat","background-position":"center center","background-size":"auto","background-attachment":"scroll","background-type":"","background-media":"","overlay-type":"","overlay-color":"","overlay-opacity":"","overlay-gradient":""},"mobile":{"background-color":"","background-image":"","background-repeat":"repeat","background-position":"center center","background-size":"auto","background-attachment":"scroll","background-type":"","background-media":"","overlay-type":"","overlay-color":"","overlay-opacity":"","overlay-gradient":""}},"ast-content-background-meta":{"desktop":{"background-color":"var(--ast-global-color-5)","background-image":"","background-repeat":"repeat","background-position":"center center","background-size":"auto","background-attachment":"scroll","background-type":"","background-media":"","overlay-type":"","overlay-color":"","overlay-opacity":"","overlay-gradient":""},"tablet":{"background-color":"var(--ast-global-color-5)","background-image":"","background-repeat":"repeat","background-position":"center center","background-size":"auto","background-attachment":"scroll","background-type":"","background-media":"","overlay-type":"","overlay-color":"","overlay-opacity":"","overlay-gradient":""},"mobile":{"background-color":"var(--ast-global-color-5)","background-image":"","background-repeat":"repeat","background-position":"center center","background-size":"auto","background-attachment":"scroll","background-type":"","background-media":"","overlay-type":"","overlay-color":"","overlay-opacity":"","overlay-gradient":""}}},"product_brand":[],"product_cat":[46],"product_tag":[],"class_list":{"0":"post-6780","1":"product","2":"type-product","3":"status-publish","4":"has-post-thumbnail","6":"product_cat-tableau-interactive","7":"desktop-align-left","8":"tablet-align-left","9":"mobile-align-left","11":"first","12":"instock","13":"sale","14":"taxable","15":"shipping-taxable","16":"purchasable","17":"product-type-simple"},"aioseo_notices":[],"uagb_featured_image_src":{"full":["https:\/\/digitactile.com\/wp-content\/uploads\/2026\/02\/65.webp",1000,1000,false],"thumbnail":["https:\/\/digitactile.com\/wp-content\/uploads\/2026\/02\/65-150x150.webp",150,150,true],"medium":["https:\/\/digitactile.com\/wp-content\/uploads\/2026\/02\/65-300x300.webp",300,300,true],"medium_large":["https:\/\/digitactile.com\/wp-content\/uploads\/2026\/02\/65-768x768.webp",768,768,true],"large":["https:\/\/digitactile.com\/wp-content\/uploads\/2026\/02\/65.webp",1000,1000,false],"1536x1536":["https:\/\/digitactile.com\/wp-content\/uploads\/2026\/02\/65.webp",1000,1000,false],"2048x2048":["https:\/\/digitactile.com\/wp-content\/uploads\/2026\/02\/65.webp",1000,1000,false],"woocommerce_thumbnail":["https:\/\/digitactile.com\/wp-content\/uploads\/2026\/02\/65-300x300.webp",300,300,true],"woocommerce_single":["https:\/\/digitactile.com\/wp-content\/uploads\/2026\/02\/65-600x600.webp",600,600,true],"woocommerce_gallery_thumbnail":["https:\/\/digitactile.com\/wp-content\/uploads\/2026\/02\/65-100x100.webp",100,100,true]},"uagb_author_info":{"display_name":"driss","author_link":"https:\/\/digitactile.com\/index.php\/author\/"},"uagb_comment_info":0,"uagb_excerpt":"Le tableau interactif 65 pouces Android 12 TA-65 offre une exp\u00e9rience p\u00e9dagogique et professionnelle avanc\u00e9e au Maroc. \u00c9cran tactile 4K, technologie IR 20 points, cam\u00e9ra 48MP, microphones int\u00e9gr\u00e9s et compatibilit\u00e9 Windows, Mac et Linux : la solution id\u00e9ale pour \u00e9coles, centres de formation et salles de r\u00e9union modernes.","jetpack_sharing_enabled":true,"_links":{"self":[{"href":"https:\/\/digitactile.com\/index.php\/wp-json\/wp\/v2\/product\/6780","targetHints":{"allow":["GET"]}}],"collection":[{"href":"https:\/\/digitactile.com\/index.php\/wp-json\/wp\/v2\/product"}],"about":[{"href":"https:\/\/digitactile.com\/index.php\/wp-json\/wp\/v2\/types\/product"}],"version-history":[{"count":25,"href":"https:\/\/digitactile.com\/index.php\/wp-json\/wp\/v2\/product\/6780\/revisions"}],"predecessor-version":[{"id":7111,"href":"https:\/\/digitactile.com\/index.php\/wp-json\/wp\/v2\/product\/6780\/revisions\/7111"}],"wp:featuredmedia":[{"embeddable":true,"href":"https:\/\/digitactile.com\/index.php\/wp-json\/wp\/v2\/media\/6799"}],"wp:attachment":[{"href":"https:\/\/digitactile.com\/index.php\/wp-json\/wp\/v2\/media?parent=6780"}],"wp:term":[{"taxonomy":"product_brand","embeddable":true,"href":"https:\/\/digitactile.com\/index.php\/wp-json\/wp\/v2\/product_brand?post=6780"},{"taxonomy":"product_cat","embeddable":true,"href":"https:\/\/digitactile.com\/index.php\/wp-json\/wp\/v2\/product_cat?post=6780"},{"taxonomy":"product_tag","embeddable":true,"href":"https:\/\/digitactile.com\/index.php\/wp-json\/wp\/v2\/product_tag?post=6780"}],"curies":[{"name":"wp","href":"https:\/\/api.w.org\/{rel}","templated":true}]}}