{"id":6301,"date":"2025-09-19T14:06:24","date_gmt":"2025-09-19T13:06:24","guid":{"rendered":"https:\/\/digitactile.com\/?post_type=product&#038;p=6301"},"modified":"2025-12-11T23:45:09","modified_gmt":"2025-12-11T23:45:09","slug":"6301","status":"publish","type":"product","link":"https:\/\/digitactile.com\/index.php\/produit\/6301\/","title":{"rendered":"\u00c9cran vitrine Maroc, affichage dynamique"},"content":{"rendered":"\t\t<div data-elementor-type=\"wp-post\" data-elementor-id=\"6301\" class=\"elementor elementor-6301\">\n\t\t\t\t<div class=\"elementor-element elementor-element-7792fd30 e-flex e-con-boxed e-con e-parent\" data-id=\"7792fd30\" data-element_type=\"container\" data-e-type=\"container\">\n\t\t\t\t\t<div class=\"e-con-inner\">\n\t\t\t\t<div class=\"elementor-element elementor-element-d5bea48 elementor-widget elementor-widget-button\" data-id=\"d5bea48\" data-element_type=\"widget\" data-e-type=\"widget\" data-widget_type=\"button.default\">\n\t\t\t\t<div class=\"elementor-widget-container\">\n\t\t\t\t\t\t\t\t\t<div class=\"elementor-button-wrapper\">\n\t\t\t\t\t<a class=\"elementor-button elementor-button-link elementor-size-sm\" href=\"https:\/\/digitactile.com\/wp-content\/uploads\/2025\/09\/Fiche_Technique_Ecran-Vtrine-50P.pdf\">\n\t\t\t\t\t\t<span class=\"elementor-button-content-wrapper\">\n\t\t\t\t\t\t\t\t\t<span class=\"elementor-button-text\">Fiche technique<\/span>\n\t\t\t\t\t<\/span>\n\t\t\t\t\t<\/a>\n\t\t\t\t<\/div>\n\t\t\t\t\t\t\t\t<\/div>\n\t\t\t\t<\/div>\n\t\t\t\t<div class=\"elementor-element elementor-element-5f87da64 elementor-widget elementor-widget-text-editor\" data-id=\"5f87da64\" data-element_type=\"widget\" data-e-type=\"widget\" data-widget_type=\"text-editor.default\">\n\t\t\t\t<div class=\"elementor-widget-container\">\n\t\t\t\t\t\t\t\t\t<p data-start=\"1136\" data-end=\"1360\"><strong>L\u2019\u00c9cran Vitrine 50P Android<\/strong> est la solution id\u00e9ale pour les commerces, restaurants, banques, agences de voyage et toutes entreprises souhaitant <strong data-start=\"1284\" data-end=\"1318\">attirer l\u2019attention en vitrine<\/strong> gr\u00e2ce \u00e0 un affichage dynamique moderne.<\/p>\r\n<p data-start=\"1362\" data-end=\"2091\">\u2714 <strong data-start=\"1364\" data-end=\"1398\">Qualit\u00e9 d\u2019image exceptionnelle<\/strong> : R\u00e9solution <strong data-start=\"1412\" data-end=\"1434\">4K UHD (3840&#215;2160)<\/strong>, couleurs \u00e9clatantes et panneau BOE professionnel avec une dur\u00e9e de vie de <strong data-start=\"1510\" data-end=\"1527\">60 000 heures<\/strong>.<br data-start=\"1528\" data-end=\"1531\" \/>\u2714 <strong data-start=\"1533\" data-end=\"1568\">Lisible en toutes circonstances<\/strong> : Luminosit\u00e9 de <strong data-start=\"1585\" data-end=\"1598\">500 cd\/m\u00b2<\/strong> avec un \u00e9cran con\u00e7u pour fonctionner <strong data-start=\"1636\" data-end=\"1654\">7j\/7 et 24h\/24<\/strong>.<br data-start=\"1655\" data-end=\"1658\" \/>\u2714 <strong data-start=\"1660\" data-end=\"1684\">Puissance &amp; fluidit\u00e9<\/strong> : Syst\u00e8me <strong data-start=\"1695\" data-end=\"1709\">Android 14<\/strong>, processeur <strong data-start=\"1722\" data-end=\"1739\">A73 quad-core<\/strong>, 4Go de RAM et 64Go de stockage int\u00e9gr\u00e9.<br data-start=\"1780\" data-end=\"1783\" \/>\u2714 <strong data-start=\"1785\" data-end=\"1810\">Connectivit\u00e9 compl\u00e8te<\/strong> : HDMI 2.1, USB 3.0, Type-C, RJ45, WiFi 6 et Bluetooth 5.2 pour une compatibilit\u00e9 maximale.<br data-start=\"1902\" data-end=\"1905\" \/>\u2714 <strong data-start=\"1907\" data-end=\"1924\">Audio int\u00e9gr\u00e9<\/strong> : Haut-parleurs st\u00e9r\u00e9o 10W x2 pour un rendu sonore clair.<br data-start=\"1982\" data-end=\"1985\" \/>\u2714 <strong data-start=\"1987\" data-end=\"2005\">Design compact<\/strong> : Format 50 pouces, fin et \u00e9l\u00e9gant, id\u00e9al pour vos vitrines et espaces commerciaux.<\/p>\r\n<p data-start=\"2093\" data-end=\"2272\">Avec cet \u00e9cran vitrine, vous transformez vos espaces en v\u00e9ritables <strong data-start=\"2160\" data-end=\"2195\">supports publicitaires digitaux<\/strong>, capables de diffuser vid\u00e9os, images et messages promotionnels en continu.<\/p>\r\n<p data-start=\"2274\" data-end=\"2293\">\u00a0Parfait pour :<\/p>\r\n\r\n<ul data-start=\"2294\" data-end=\"2458\">\r\n \t<li data-start=\"2294\" data-end=\"2335\">\r\n<p data-start=\"2296\" data-end=\"2335\">Boutiques et magasins en centre-ville<\/p>\r\n<\/li>\r\n \t<li data-start=\"2336\" data-end=\"2360\">\r\n<p data-start=\"2338\" data-end=\"2360\">Restaurants et caf\u00e9s<\/p>\r\n<\/li>\r\n \t<li data-start=\"2361\" data-end=\"2393\">\r\n<p data-start=\"2363\" data-end=\"2393\">Pharmacies et parapharmacies<\/p>\r\n<\/li>\r\n \t<li data-start=\"2394\" data-end=\"2416\">\r\n<p data-start=\"2396\" data-end=\"2416\">Agences de voyages<\/p>\r\n<\/li>\r\n \t<li data-start=\"2417\" data-end=\"2458\">\r\n<p data-start=\"2419\" data-end=\"2458\">H\u00f4tels et \u00e9tablissements touristiques<\/p>\r\n<\/li>\r\n<\/ul>\t\t\t\t\t\t\t\t<\/div>\n\t\t\t\t<\/div>\n\t\t\t\t\t<\/div>\n\t\t\t\t<\/div>\n\t\t\t\t<\/div>\n\t\t","protected":false},"excerpt":{"rendered":"<\/p>\n<p><strong data-start=\"830\" data-end=\"884\">\u00c9cran Vitrine 50P Android \u2013 Affichage dynamique 4K<\/strong><br data-start=\"884\" data-end=\"887\" \/>Un \u00e9cran professionnel con\u00e7u pour vos vitrines commerciales, offrant une luminosit\u00e9 puissante, une r\u00e9solution 4K et un syst\u00e8me Android fluide pour vos contenus digitaux.<\/p>\n","protected":false},"featured_media":6304,"template":"","meta":{"_uag_custom_page_level_css":"","site-sidebar-layout":"default","site-content-layout":"","ast-site-content-layout":"default","site-content-style":"default","site-sidebar-style":"default","ast-global-header-display":"","ast-banner-title-visibility":"","ast-main-header-display":"","ast-hfb-above-header-display":"","ast-hfb-below-header-display":"","ast-hfb-mobile-header-display":"","site-post-title":"","ast-breadcrumbs-content":"","ast-featured-img":"","footer-sml-layout":"","ast-disable-related-posts":"","theme-transparent-header-meta":"default","adv-header-id-meta":"","stick-header-meta":"","header-above-stick-meta":"","header-main-stick-meta":"","header-below-stick-meta":"","astra-migrate-meta-layouts":"set","ast-page-background-enabled":"default","ast-page-background-meta":{"desktop":{"background-color":"var(--ast-global-color-4)","background-image":"","background-repeat":"repeat","background-position":"center center","background-size":"auto","background-attachment":"scroll","background-type":"","background-media":"","overlay-type":"","overlay-color":"","overlay-opacity":"","overlay-gradient":""},"tablet":{"background-color":"","background-image":"","background-repeat":"repeat","background-position":"center center","background-size":"auto","background-attachment":"scroll","background-type":"","background-media":"","overlay-type":"","overlay-color":"","overlay-opacity":"","overlay-gradient":""},"mobile":{"background-color":"","background-image":"","background-repeat":"repeat","background-position":"center center","background-size":"auto","background-attachment":"scroll","background-type":"","background-media":"","overlay-type":"","overlay-color":"","overlay-opacity":"","overlay-gradient":""}},"ast-content-background-meta":{"desktop":{"background-color":"var(--ast-global-color-5)","background-image":"","background-repeat":"repeat","background-position":"center center","background-size":"auto","background-attachment":"scroll","background-type":"","background-media":"","overlay-type":"","overlay-color":"","overlay-opacity":"","overlay-gradient":""},"tablet":{"background-color":"var(--ast-global-color-5)","background-image":"","background-repeat":"repeat","background-position":"center center","background-size":"auto","background-attachment":"scroll","background-type":"","background-media":"","overlay-type":"","overlay-color":"","overlay-opacity":"","overlay-gradient":""},"mobile":{"background-color":"var(--ast-global-color-5)","background-image":"","background-repeat":"repeat","background-position":"center center","background-size":"auto","background-attachment":"scroll","background-type":"","background-media":"","overlay-type":"","overlay-color":"","overlay-opacity":"","overlay-gradient":""}}},"product_brand":[],"product_cat":[53],"product_tag":[],"class_list":{"0":"post-6301","1":"product","2":"type-product","3":"status-publish","4":"has-post-thumbnail","6":"product_cat-ecran-vitrine","7":"desktop-align-left","8":"tablet-align-left","9":"mobile-align-left","11":"first","12":"instock","13":"taxable","14":"shipping-taxable","15":"purchasable","16":"product-type-simple"},"aioseo_notices":[],"uagb_featured_image_src":{"full":["https:\/\/digitactile.com\/wp-content\/uploads\/2025\/09\/ecrab-V2.webp",640,960,false],"thumbnail":["https:\/\/digitactile.com\/wp-content\/uploads\/2025\/09\/ecrab-V2-150x150.webp",150,150,true],"medium":["https:\/\/digitactile.com\/wp-content\/uploads\/2025\/09\/ecrab-V2-200x300.webp",200,300,true],"medium_large":["https:\/\/digitactile.com\/wp-content\/uploads\/2025\/09\/ecrab-V2.webp",640,960,false],"large":["https:\/\/digitactile.com\/wp-content\/uploads\/2025\/09\/ecrab-V2.webp",640,960,false],"1536x1536":["https:\/\/digitactile.com\/wp-content\/uploads\/2025\/09\/ecrab-V2.webp",640,960,false],"2048x2048":["https:\/\/digitactile.com\/wp-content\/uploads\/2025\/09\/ecrab-V2.webp",640,960,false],"woocommerce_thumbnail":["https:\/\/digitactile.com\/wp-content\/uploads\/2025\/09\/ecrab-V2-300x300.webp",300,300,true],"woocommerce_single":["https:\/\/digitactile.com\/wp-content\/uploads\/2025\/09\/ecrab-V2-600x900.webp",600,900,true],"woocommerce_gallery_thumbnail":["https:\/\/digitactile.com\/wp-content\/uploads\/2025\/09\/ecrab-V2-100x100.webp",100,100,true]},"uagb_author_info":{"display_name":"driss","author_link":"https:\/\/digitactile.com\/index.php\/author\/"},"uagb_comment_info":0,"uagb_excerpt":"\u00c9cran Vitrine 50P Android \u2013 Affichage dynamique 4KUn \u00e9cran professionnel con\u00e7u pour vos vitrines commerciales, offrant une luminosit\u00e9 puissante, une r\u00e9solution 4K et un syst\u00e8me Android fluide pour vos contenus digitaux.","jetpack_sharing_enabled":true,"_links":{"self":[{"href":"https:\/\/digitactile.com\/index.php\/wp-json\/wp\/v2\/product\/6301","targetHints":{"allow":["GET"]}}],"collection":[{"href":"https:\/\/digitactile.com\/index.php\/wp-json\/wp\/v2\/product"}],"about":[{"href":"https:\/\/digitactile.com\/index.php\/wp-json\/wp\/v2\/types\/product"}],"version-history":[{"count":7,"href":"https:\/\/digitactile.com\/index.php\/wp-json\/wp\/v2\/product\/6301\/revisions"}],"predecessor-version":[{"id":6460,"href":"https:\/\/digitactile.com\/index.php\/wp-json\/wp\/v2\/product\/6301\/revisions\/6460"}],"wp:featuredmedia":[{"embeddable":true,"href":"https:\/\/digitactile.com\/index.php\/wp-json\/wp\/v2\/media\/6304"}],"wp:attachment":[{"href":"https:\/\/digitactile.com\/index.php\/wp-json\/wp\/v2\/media?parent=6301"}],"wp:term":[{"taxonomy":"product_brand","embeddable":true,"href":"https:\/\/digitactile.com\/index.php\/wp-json\/wp\/v2\/product_brand?post=6301"},{"taxonomy":"product_cat","embeddable":true,"href":"https:\/\/digitactile.com\/index.php\/wp-json\/wp\/v2\/product_cat?post=6301"},{"taxonomy":"product_tag","embeddable":true,"href":"https:\/\/digitactile.com\/index.php\/wp-json\/wp\/v2\/product_tag?post=6301"}],"curies":[{"name":"wp","href":"https:\/\/api.w.org\/{rel}","templated":true}]}}