{"id":2923,"date":"2024-09-14T22:29:01","date_gmt":"2024-09-14T21:29:01","guid":{"rendered":"https:\/\/digitactile.com\/?post_type=product&#038;p=2923"},"modified":"2025-12-11T23:42:43","modified_gmt":"2025-12-11T23:42:43","slug":"ecran-led-au-maroc","status":"publish","type":"product","link":"https:\/\/digitactile.com\/index.php\/produit\/ecran-led-au-maroc\/","title":{"rendered":"Ecran LED au Maroc"},"content":{"rendered":"\t\t<div data-elementor-type=\"wp-post\" data-elementor-id=\"2923\" class=\"elementor elementor-2923\">\n\t\t\t\t<div class=\"elementor-element elementor-element-3d6de7e0 e-flex e-con-boxed e-con e-parent\" data-id=\"3d6de7e0\" data-element_type=\"container\" data-e-type=\"container\">\n\t\t\t\t\t<div class=\"e-con-inner\">\n\t\t\t\t<div class=\"elementor-element elementor-element-7c55749 elementor-widget elementor-widget-button\" data-id=\"7c55749\" data-element_type=\"widget\" data-e-type=\"widget\" data-widget_type=\"button.default\">\n\t\t\t\t<div class=\"elementor-widget-container\">\n\t\t\t\t\t\t\t\t\t<div class=\"elementor-button-wrapper\">\n\t\t\t\t\t<a class=\"elementor-button elementor-button-link elementor-size-sm\" href=\"https:\/\/digitactile.com\/wp-content\/uploads\/2025\/08\/Fiche_Technique_Ecran_LED_P1.8-1.pdf\">\n\t\t\t\t\t\t<span class=\"elementor-button-content-wrapper\">\n\t\t\t\t\t\t\t\t\t<span class=\"elementor-button-text\">Fiche technique Pitch 1,8<\/span>\n\t\t\t\t\t<\/span>\n\t\t\t\t\t<\/a>\n\t\t\t\t<\/div>\n\t\t\t\t\t\t\t\t<\/div>\n\t\t\t\t<\/div>\n\t\t\t\t<div class=\"elementor-element elementor-element-42f1b9a elementor-widget elementor-widget-button\" data-id=\"42f1b9a\" data-element_type=\"widget\" data-e-type=\"widget\" data-widget_type=\"button.default\">\n\t\t\t\t<div class=\"elementor-widget-container\">\n\t\t\t\t\t\t\t\t\t<div class=\"elementor-button-wrapper\">\n\t\t\t\t\t<a class=\"elementor-button elementor-button-link elementor-size-sm\" href=\"https:\/\/digitactile.com\/wp-content\/uploads\/2025\/07\/Fiche_Technique_Ecran_LED_OLED_P2.5_Nation_Star_Tables_Colon.pdf\">\n\t\t\t\t\t\t<span class=\"elementor-button-content-wrapper\">\n\t\t\t\t\t\t\t\t\t<span class=\"elementor-button-text\">Fiche technique Pitch 2,5<\/span>\n\t\t\t\t\t<\/span>\n\t\t\t\t\t<\/a>\n\t\t\t\t<\/div>\n\t\t\t\t\t\t\t\t<\/div>\n\t\t\t\t<\/div>\n\t\t\t\t<div class=\"elementor-element elementor-element-0540138 elementor-widget elementor-widget-button\" data-id=\"0540138\" data-element_type=\"widget\" data-e-type=\"widget\" data-widget_type=\"button.default\">\n\t\t\t\t<div class=\"elementor-widget-container\">\n\t\t\t\t\t\t\t\t\t<div class=\"elementor-button-wrapper\">\n\t\t\t\t\t<a class=\"elementor-button elementor-button-link elementor-size-sm\" href=\"https:\/\/digitactile.com\/wp-content\/uploads\/2025\/07\/Fiche_Technique_LED_OLED_P3.9.pdf\">\n\t\t\t\t\t\t<span class=\"elementor-button-content-wrapper\">\n\t\t\t\t\t\t\t\t\t<span class=\"elementor-button-text\">Fiche technique pitch 3,9<\/span>\n\t\t\t\t\t<\/span>\n\t\t\t\t\t<\/a>\n\t\t\t\t<\/div>\n\t\t\t\t\t\t\t\t<\/div>\n\t\t\t\t<\/div>\n\t\t\t\t<div class=\"elementor-element elementor-element-41b1002f elementor-widget elementor-widget-text-editor\" data-id=\"41b1002f\" data-element_type=\"widget\" data-e-type=\"widget\" data-widget_type=\"text-editor.default\">\n\t\t\t\t<div class=\"elementor-widget-container\">\n\t\t\t\t\t\t\t\t\tEcran LED au Maroc:\r\n\r\nNos \u00e9crans LED int\u00e9rieurs et ext\u00e9rieurs sont con\u00e7us pour r\u00e9pondre aux besoins vari\u00e9s du march\u00e9 marocain. Que ce soit pour des \u00e9v\u00e9nements en int\u00e9rieur ou des installations en ext\u00e9rieur, nos solutions d\u2019affichage dynamique offrent une qualit\u00e9 visuelle exceptionnelle.\r\n<ul>\r\n \t<li><strong>\u00c9cran LED 1.8 PR et 2.5 PR<\/strong> : Id\u00e9als pour les espaces int\u00e9rieurs tels que les centres commerciaux, les salles de conf\u00e9rence et les salons, offrant une r\u00e9solution haute d\u00e9finition pour une exp\u00e9rience immersive.<\/li>\r\n \t<li><strong>\u00c9cran LED P3.9 (int\u00e9rieur et ext\u00e9rieur)<\/strong> : Parfait pour des applications polyvalentes, ce mod\u00e8le offre des performances exceptionnelles tant en int\u00e9rieur qu&rsquo;en ext\u00e9rieur, avec une grande r\u00e9sistance aux conditions climatiques.<\/li>\r\n \t<li><strong>\u00c9cran LED P8 ext\u00e9rieur<\/strong> : Con\u00e7u pour les grands espaces ext\u00e9rieurs, cet \u00e9cran garantit une visibilit\u00e9 optimale m\u00eame \u00e0 distance, parfait pour les stades, les \u00e9v\u00e9nements publics et la signalisation.<\/li>\r\n<\/ul>\r\n<a href=\"https:\/\/digitactile.com\/index.php\/shop\/\">Nos \u00e9crans LED<\/a> offrent durabilit\u00e9, personnalisation et haute performance pour r\u00e9pondre aux besoins <a href=\"https:\/\/rachabusinessgroup.com\/produits.php\">des entreprises<\/a> au Maroc, tout en garantissant un affichage attractif et de qualit\u00e9.\r\n\r\n&nbsp;\t\t\t\t\t\t\t\t<\/div>\n\t\t\t\t<\/div>\n\t\t\t\t\t<\/div>\n\t\t\t\t<\/div>\n\t\t\t\t<\/div>\n\t\t","protected":false},"excerpt":{"rendered":"<\/p>\n<p>Trouvez les meilleures solutions d&rsquo;\u00c9cran LED au Maroc pour vos \u00e9v\u00e9nements int\u00e9rieurs et ext\u00e9rieurs. Nos \u00e9crans LED, disponibles en diff\u00e9rentes tailles et r\u00e9solutions, garantissent une qualit\u00e9 d&rsquo;image exceptionnelle et une performance optimale. Id\u00e9als pour la publicit\u00e9, la signalisation dynamique, et les installations professionnelles, nos \u00e9crans sont con\u00e7us pour r\u00e9pondre aux besoins des entreprises et <a href=\"https:\/\/rachabusinessgroup.com\/produits.php\">institutions marocaines<\/a>.\u00a0\u00bb<\/p>\n","protected":false},"featured_media":2936,"template":"","meta":{"_uag_custom_page_level_css":"","site-sidebar-layout":"default","site-content-layout":"","ast-site-content-layout":"default","site-content-style":"default","site-sidebar-style":"default","ast-global-header-display":"","ast-banner-title-visibility":"","ast-main-header-display":"","ast-hfb-above-header-display":"","ast-hfb-below-header-display":"","ast-hfb-mobile-header-display":"","site-post-title":"","ast-breadcrumbs-content":"","ast-featured-img":"","footer-sml-layout":"","ast-disable-related-posts":"","theme-transparent-header-meta":"default","adv-header-id-meta":"","stick-header-meta":"","header-above-stick-meta":"","header-main-stick-meta":"","header-below-stick-meta":"","astra-migrate-meta-layouts":"set","ast-page-background-enabled":"default","ast-page-background-meta":{"desktop":{"background-color":"var(--ast-global-color-4)","background-image":"","background-repeat":"repeat","background-position":"center center","background-size":"auto","background-attachment":"scroll","background-type":"","background-media":"","overlay-type":"","overlay-color":"","overlay-opacity":"","overlay-gradient":""},"tablet":{"background-color":"","background-image":"","background-repeat":"repeat","background-position":"center center","background-size":"auto","background-attachment":"scroll","background-type":"","background-media":"","overlay-type":"","overlay-color":"","overlay-opacity":"","overlay-gradient":""},"mobile":{"background-color":"","background-image":"","background-repeat":"repeat","background-position":"center center","background-size":"auto","background-attachment":"scroll","background-type":"","background-media":"","overlay-type":"","overlay-color":"","overlay-opacity":"","overlay-gradient":""}},"ast-content-background-meta":{"desktop":{"background-color":"var(--ast-global-color-5)","background-image":"","background-repeat":"repeat","background-position":"center center","background-size":"auto","background-attachment":"scroll","background-type":"","background-media":"","overlay-type":"","overlay-color":"","overlay-opacity":"","overlay-gradient":""},"tablet":{"background-color":"var(--ast-global-color-5)","background-image":"","background-repeat":"repeat","background-position":"center center","background-size":"auto","background-attachment":"scroll","background-type":"","background-media":"","overlay-type":"","overlay-color":"","overlay-opacity":"","overlay-gradient":""},"mobile":{"background-color":"var(--ast-global-color-5)","background-image":"","background-repeat":"repeat","background-position":"center center","background-size":"auto","background-attachment":"scroll","background-type":"","background-media":"","overlay-type":"","overlay-color":"","overlay-opacity":"","overlay-gradient":""}}},"product_brand":[],"product_cat":[61,53],"product_tag":[],"class_list":{"0":"post-2923","1":"product","2":"type-product","3":"status-publish","4":"has-post-thumbnail","6":"product_cat-ecran-led","7":"product_cat-ecran-vitrine","8":"desktop-align-left","9":"tablet-align-left","10":"mobile-align-left","12":"first","13":"instock","14":"sale","15":"taxable","16":"shipping-taxable","17":"purchasable","18":"product-type-variable"},"aioseo_notices":[],"uagb_featured_image_src":{"full":["https:\/\/digitactile.com\/wp-content\/uploads\/2024\/09\/ecran-led-5.png",640,960,false],"thumbnail":["https:\/\/digitactile.com\/wp-content\/uploads\/2024\/09\/ecran-led-5-150x150.png",150,150,true],"medium":["https:\/\/digitactile.com\/wp-content\/uploads\/2024\/09\/ecran-led-5-200x300.png",200,300,true],"medium_large":["https:\/\/digitactile.com\/wp-content\/uploads\/2024\/09\/ecran-led-5.png",640,960,false],"large":["https:\/\/digitactile.com\/wp-content\/uploads\/2024\/09\/ecran-led-5.png",640,960,false],"1536x1536":["https:\/\/digitactile.com\/wp-content\/uploads\/2024\/09\/ecran-led-5.png",640,960,false],"2048x2048":["https:\/\/digitactile.com\/wp-content\/uploads\/2024\/09\/ecran-led-5.png",640,960,false],"woocommerce_thumbnail":["https:\/\/digitactile.com\/wp-content\/uploads\/2024\/09\/ecran-led-5-300x300.png",300,300,true],"woocommerce_single":["https:\/\/digitactile.com\/wp-content\/uploads\/2024\/09\/ecran-led-5-600x900.png",600,900,true],"woocommerce_gallery_thumbnail":["https:\/\/digitactile.com\/wp-content\/uploads\/2024\/09\/ecran-led-5-100x100.png",100,100,true]},"uagb_author_info":{"display_name":"driss","author_link":"https:\/\/digitactile.com\/index.php\/author\/"},"uagb_comment_info":0,"uagb_excerpt":"Trouvez les meilleures solutions d'\u00c9cran LED au Maroc pour vos \u00e9v\u00e9nements int\u00e9rieurs et ext\u00e9rieurs. Nos \u00e9crans LED, disponibles en diff\u00e9rentes tailles et r\u00e9solutions, garantissent une qualit\u00e9 d'image exceptionnelle et une performance optimale. Id\u00e9als pour la publicit\u00e9, la signalisation dynamique, et les installations professionnelles, nos \u00e9crans sont con\u00e7us pour r\u00e9pondre aux besoins des entreprises et institutions\u2026","jetpack_sharing_enabled":true,"_links":{"self":[{"href":"https:\/\/digitactile.com\/index.php\/wp-json\/wp\/v2\/product\/2923","targetHints":{"allow":["GET"]}}],"collection":[{"href":"https:\/\/digitactile.com\/index.php\/wp-json\/wp\/v2\/product"}],"about":[{"href":"https:\/\/digitactile.com\/index.php\/wp-json\/wp\/v2\/types\/product"}],"version-history":[{"count":12,"href":"https:\/\/digitactile.com\/index.php\/wp-json\/wp\/v2\/product\/2923\/revisions"}],"predecessor-version":[{"id":6456,"href":"https:\/\/digitactile.com\/index.php\/wp-json\/wp\/v2\/product\/2923\/revisions\/6456"}],"wp:featuredmedia":[{"embeddable":true,"href":"https:\/\/digitactile.com\/index.php\/wp-json\/wp\/v2\/media\/2936"}],"wp:attachment":[{"href":"https:\/\/digitactile.com\/index.php\/wp-json\/wp\/v2\/media?parent=2923"}],"wp:term":[{"taxonomy":"product_brand","embeddable":true,"href":"https:\/\/digitactile.com\/index.php\/wp-json\/wp\/v2\/product_brand?post=2923"},{"taxonomy":"product_cat","embeddable":true,"href":"https:\/\/digitactile.com\/index.php\/wp-json\/wp\/v2\/product_cat?post=2923"},{"taxonomy":"product_tag","embeddable":true,"href":"https:\/\/digitactile.com\/index.php\/wp-json\/wp\/v2\/product_tag?post=2923"}],"curies":[{"name":"wp","href":"https:\/\/api.w.org\/{rel}","templated":true}]}}