{"id":2654,"date":"2024-07-04T17:20:45","date_gmt":"2024-07-04T16:20:45","guid":{"rendered":"https:\/\/digitactile.com\/?post_type=product&#038;p=2654"},"modified":"2025-02-16T18:57:47","modified_gmt":"2025-02-16T18:57:47","slug":"ecran-vitrine-2","status":"publish","type":"product","link":"https:\/\/digitactile.com\/index.php\/produit\/ecran-vitrine-2\/","title":{"rendered":"ECRAN VITRINE AU MAROC"},"content":{"rendered":"<h2><a href=\"https:\/\/maroctactile.com\/index.php\/produit\/ecran-vitrine\/\">ECRAN VITRINE <\/a> pour l\u2019affichage dynamique.<\/h2>\n<p>chez Digitactile au maroc Choisissez la haute performance et la fiabilit\u00e9 sans interruption avec la solution d&rsquo;affichage tout-en-un id\u00e9ale pour les environnements critiques. Le LH4354UHS <a href=\"https:\/\/iiyama.com\/\">d&rsquo;iiyama<\/a>, disponible chez Digitactile, est un \u00e9cran grand format professionnel \u00e0 haute luminosit\u00e9 de 500cd\/m\u00b2 et peut \u00eatre utilis\u00e9 en orientation paysage ou portrait 24\/7 sans aucune interruption. Gr\u00e2ce \u00e0 sa polyvalence, il peut \u00eatre adapt\u00e9 aux besoins d&rsquo;affichage de votre secteur. Le syst\u00e8me d&rsquo;exploitation Android embarqu\u00e9 vous permet de personnaliser l&rsquo;\u00e9cran en fonction de vos besoins et d&rsquo;installer des applications directement \u00e0 l&rsquo;\u00e9cran.<\/p>\n<p>Le CMS (Content Management Software) offre un contr\u00f4le total sur vos messages et votre publicit\u00e9 \u00e0 distance et en toute s\u00e9curit\u00e9. La fonction Signal FailOver garantit l&rsquo;affichage constant par le biais des entr\u00e9es de votre choix. Gr\u00e2ce au WiFi, cette s\u00e9rie est pr\u00eate pour la diffusion de contenu \u00e0 distance via votre r\u00e9seau. Vous pouvez aussi choisir le contr\u00f4le LAN.<\/p>\n<p>Pour en savoir plus sur ce moniteur et d\u00e9couvrir d&rsquo;autres solutions d&rsquo;affichage, visitez Digitactile.<\/p>\n","protected":false},"excerpt":{"rendered":"<p>Nous avons dot\u00e9 cet\u00a0<strong><a href=\"https:\/\/digitactile.com\/index.php\/shop\/\">\u00e9cran vitrine 55 <\/a><\/strong>\u00a0haute luminosit\u00e9 &#8211; 4000 candelas &#8211; d&rsquo;un pied t\u00e9lescopique m\u00e9tal tr\u00e8s fin, qui permet de conserver la transparence de votre vitrine.<\/p>\n<p>Les vid\u00e9os et images fixes s&rsquo;affichent automatiquement au d\u00e9marrage du totem et la lecture s&rsquo;effectue en boucle. Il est possible de programmer des heures de d\u00e9marrage \/ extinction<\/p>\n","protected":false},"featured_media":4607,"template":"","meta":{"_uag_custom_page_level_css":"","site-sidebar-layout":"default","site-content-layout":"","ast-site-content-layout":"default","site-content-style":"default","site-sidebar-style":"default","ast-global-header-display":"","ast-banner-title-visibility":"","ast-main-header-display":"","ast-hfb-above-header-display":"","ast-hfb-below-header-display":"","ast-hfb-mobile-header-display":"","site-post-title":"","ast-breadcrumbs-content":"","ast-featured-img":"","footer-sml-layout":"","ast-disable-related-posts":"","theme-transparent-header-meta":"default","adv-header-id-meta":"","stick-header-meta":"","header-above-stick-meta":"","header-main-stick-meta":"","header-below-stick-meta":"","astra-migrate-meta-layouts":"set","ast-page-background-enabled":"default","ast-page-background-meta":{"desktop":{"background-color":"var(--ast-global-color-4)","background-image":"","background-repeat":"repeat","background-position":"center center","background-size":"auto","background-attachment":"scroll","background-type":"","background-media":"","overlay-type":"","overlay-color":"","overlay-opacity":"","overlay-gradient":""},"tablet":{"background-color":"","background-image":"","background-repeat":"repeat","background-position":"center center","background-size":"auto","background-attachment":"scroll","background-type":"","background-media":"","overlay-type":"","overlay-color":"","overlay-opacity":"","overlay-gradient":""},"mobile":{"background-color":"","background-image":"","background-repeat":"repeat","background-position":"center center","background-size":"auto","background-attachment":"scroll","background-type":"","background-media":"","overlay-type":"","overlay-color":"","overlay-opacity":"","overlay-gradient":""}},"ast-content-background-meta":{"desktop":{"background-color":"var(--ast-global-color-5)","background-image":"","background-repeat":"repeat","background-position":"center center","background-size":"auto","background-attachment":"scroll","background-type":"","background-media":"","overlay-type":"","overlay-color":"","overlay-opacity":"","overlay-gradient":""},"tablet":{"background-color":"var(--ast-global-color-5)","background-image":"","background-repeat":"repeat","background-position":"center center","background-size":"auto","background-attachment":"scroll","background-type":"","background-media":"","overlay-type":"","overlay-color":"","overlay-opacity":"","overlay-gradient":""},"mobile":{"background-color":"var(--ast-global-color-5)","background-image":"","background-repeat":"repeat","background-position":"center center","background-size":"auto","background-attachment":"scroll","background-type":"","background-media":"","overlay-type":"","overlay-color":"","overlay-opacity":"","overlay-gradient":""}}},"product_brand":[],"product_cat":[53],"product_tag":[],"class_list":{"0":"post-2654","1":"product","2":"type-product","3":"status-publish","4":"has-post-thumbnail","6":"product_cat-ecran-vitrine","7":"desktop-align-left","8":"tablet-align-left","9":"mobile-align-left","11":"first","12":"instock","13":"taxable","14":"shipping-taxable","15":"product-type-simple"},"aioseo_notices":[],"uagb_featured_image_src":{"full":["https:\/\/digitactile.com\/wp-content\/uploads\/2024\/07\/41Fpw-5xS6L.webp",800,800,false],"thumbnail":["https:\/\/digitactile.com\/wp-content\/uploads\/2024\/07\/41Fpw-5xS6L-150x150.webp",150,150,true],"medium":["https:\/\/digitactile.com\/wp-content\/uploads\/2024\/07\/41Fpw-5xS6L-300x300.webp",300,300,true],"medium_large":["https:\/\/digitactile.com\/wp-content\/uploads\/2024\/07\/41Fpw-5xS6L-768x768.webp",768,768,true],"large":["https:\/\/digitactile.com\/wp-content\/uploads\/2024\/07\/41Fpw-5xS6L.webp",800,800,false],"1536x1536":["https:\/\/digitactile.com\/wp-content\/uploads\/2024\/07\/41Fpw-5xS6L.webp",800,800,false],"2048x2048":["https:\/\/digitactile.com\/wp-content\/uploads\/2024\/07\/41Fpw-5xS6L.webp",800,800,false],"woocommerce_thumbnail":["https:\/\/digitactile.com\/wp-content\/uploads\/2024\/07\/41Fpw-5xS6L-300x300.webp",300,300,true],"woocommerce_single":["https:\/\/digitactile.com\/wp-content\/uploads\/2024\/07\/41Fpw-5xS6L-600x600.webp",600,600,true],"woocommerce_gallery_thumbnail":["https:\/\/digitactile.com\/wp-content\/uploads\/2024\/07\/41Fpw-5xS6L-100x100.webp",100,100,true]},"uagb_author_info":{"display_name":"driss","author_link":"https:\/\/digitactile.com\/index.php\/author\/"},"uagb_comment_info":0,"uagb_excerpt":"Nous avons dot\u00e9 cet\u00a0\u00e9cran vitrine 55 \u00a0haute luminosit\u00e9 - 4000 candelas - d'un pied t\u00e9lescopique m\u00e9tal tr\u00e8s fin, qui permet de conserver la transparence de votre vitrine. Les vid\u00e9os et images fixes s'affichent automatiquement au d\u00e9marrage du totem et la lecture s'effectue en boucle. Il est possible de programmer des heures de d\u00e9marrage \/ extinction","jetpack_sharing_enabled":true,"_links":{"self":[{"href":"https:\/\/digitactile.com\/index.php\/wp-json\/wp\/v2\/product\/2654","targetHints":{"allow":["GET"]}}],"collection":[{"href":"https:\/\/digitactile.com\/index.php\/wp-json\/wp\/v2\/product"}],"about":[{"href":"https:\/\/digitactile.com\/index.php\/wp-json\/wp\/v2\/types\/product"}],"version-history":[{"count":11,"href":"https:\/\/digitactile.com\/index.php\/wp-json\/wp\/v2\/product\/2654\/revisions"}],"predecessor-version":[{"id":4660,"href":"https:\/\/digitactile.com\/index.php\/wp-json\/wp\/v2\/product\/2654\/revisions\/4660"}],"wp:featuredmedia":[{"embeddable":true,"href":"https:\/\/digitactile.com\/index.php\/wp-json\/wp\/v2\/media\/4607"}],"wp:attachment":[{"href":"https:\/\/digitactile.com\/index.php\/wp-json\/wp\/v2\/media?parent=2654"}],"wp:term":[{"taxonomy":"product_brand","embeddable":true,"href":"https:\/\/digitactile.com\/index.php\/wp-json\/wp\/v2\/product_brand?post=2654"},{"taxonomy":"product_cat","embeddable":true,"href":"https:\/\/digitactile.com\/index.php\/wp-json\/wp\/v2\/product_cat?post=2654"},{"taxonomy":"product_tag","embeddable":true,"href":"https:\/\/digitactile.com\/index.php\/wp-json\/wp\/v2\/product_tag?post=2654"}],"curies":[{"name":"wp","href":"https:\/\/api.w.org\/{rel}","templated":true}]}}