{"id":2562,"date":"2024-07-01T17:27:43","date_gmt":"2024-07-01T16:27:43","guid":{"rendered":"https:\/\/digitactile.com\/?post_type=product&#038;p=2562"},"modified":"2025-12-11T23:44:02","modified_gmt":"2025-12-11T23:44:02","slug":"ecran-vitrine","status":"publish","type":"product","link":"https:\/\/digitactile.com\/index.php\/produit\/ecran-vitrine\/","title":{"rendered":"Ecran vitrine"},"content":{"rendered":"\t\t<div data-elementor-type=\"wp-post\" data-elementor-id=\"2562\" class=\"elementor elementor-2562\">\n\t\t\t\t<div class=\"elementor-element elementor-element-4e091fc4 e-flex e-con-boxed e-con e-parent\" data-id=\"4e091fc4\" data-element_type=\"container\" data-e-type=\"container\">\n\t\t\t\t\t<div class=\"e-con-inner\">\n\t\t\t\t<div class=\"elementor-element elementor-element-7ab92ca9 elementor-widget elementor-widget-text-editor\" data-id=\"7ab92ca9\" data-element_type=\"widget\" data-e-type=\"widget\" data-widget_type=\"text-editor.default\">\n\t\t\t\t<div class=\"elementor-widget-container\">\n\t\t\t\t\t\t\t\t\t<p>\u00c9cran Vitrine Digital Signage Windows 43&Prime; ou 55&Prime; iiyama chez digitactile.<\/p><p>D\u00e9couvrez nos \u00e9crans vitrines Digital Signage iiyama de 43&Prime; ou 55&Prime;. Parfaits pour attirer l\u2019attention de vos clients avec des affichages dynamiques et lumineux, ces \u00e9crans sont id\u00e9aux pour les vitrines de magasins, les halls d&rsquo;accueil et les lieux \u00e0 fort passage. Gr\u00e2ce \u00e0 leur r\u00e9solution haute d\u00e9finition et leur technologie avanc\u00e9e, vos messages et promotions seront toujours visibles et impactants. Optimisez votre communication avec les \u00e9crans vitrines!<\/p>\t\t\t\t\t\t\t\t<\/div>\n\t\t\t\t<\/div>\n\t\t\t\t\t<\/div>\n\t\t\t\t<\/div>\n\t\t\t\t<\/div>\n\t\t","protected":false},"excerpt":{"rendered":"<\/p>\n<p><strong>Mod\u00e8le :<\/strong> <a href=\"https:\/\/iiyama.com\/\">iiyama<\/a> Digital Signage Windows 43&Prime; ou 55&Prime;<br \/>\n<strong>Utilisation :<\/strong> Vitrines de magasins, halls d&rsquo;accueil, lieux \u00e0 fort passage<br \/>\n<strong>Tailles Disponibles :<\/strong> 43 pouces et 55 pouces<br \/>\n<strong>R\u00e9solution :<\/strong> Haute d\u00e9finition<br \/>\n<strong>Technologie :<\/strong> Digital Signage Windows<br \/>\n<strong>Caract\u00e9ristiques Principales :<\/strong><\/p>\n<ul>\n<li>Affichage dynamique et lumineux<\/li>\n<li>Technologie avanc\u00e9e pour une visibilit\u00e9 optimale<\/li>\n<li>Id\u00e9al pour la diffusion de messages et promotions impactants<\/li>\n<\/ul>\n<p><strong>Applications :<\/strong><\/p>\n<ul>\n<li>Communication commerciale<\/li>\n<li>Publicit\u00e9 digitale<\/li>\n<li>Affichage d&rsquo;informations<\/li>\n<\/ul>\n","protected":false},"featured_media":2565,"template":"","meta":{"_uag_custom_page_level_css":"","site-sidebar-layout":"default","site-content-layout":"","ast-site-content-layout":"default","site-content-style":"default","site-sidebar-style":"default","ast-global-header-display":"","ast-banner-title-visibility":"","ast-main-header-display":"","ast-hfb-above-header-display":"","ast-hfb-below-header-display":"","ast-hfb-mobile-header-display":"","site-post-title":"","ast-breadcrumbs-content":"","ast-featured-img":"","footer-sml-layout":"","ast-disable-related-posts":"","theme-transparent-header-meta":"default","adv-header-id-meta":"","stick-header-meta":"","header-above-stick-meta":"","header-main-stick-meta":"","header-below-stick-meta":"","astra-migrate-meta-layouts":"set","ast-page-background-enabled":"default","ast-page-background-meta":{"desktop":{"background-color":"var(--ast-global-color-4)","background-image":"","background-repeat":"repeat","background-position":"center center","background-size":"auto","background-attachment":"scroll","background-type":"","background-media":"","overlay-type":"","overlay-color":"","overlay-opacity":"","overlay-gradient":""},"tablet":{"background-color":"","background-image":"","background-repeat":"repeat","background-position":"center center","background-size":"auto","background-attachment":"scroll","background-type":"","background-media":"","overlay-type":"","overlay-color":"","overlay-opacity":"","overlay-gradient":""},"mobile":{"background-color":"","background-image":"","background-repeat":"repeat","background-position":"center center","background-size":"auto","background-attachment":"scroll","background-type":"","background-media":"","overlay-type":"","overlay-color":"","overlay-opacity":"","overlay-gradient":""}},"ast-content-background-meta":{"desktop":{"background-color":"var(--ast-global-color-5)","background-image":"","background-repeat":"repeat","background-position":"center center","background-size":"auto","background-attachment":"scroll","background-type":"","background-media":"","overlay-type":"","overlay-color":"","overlay-opacity":"","overlay-gradient":""},"tablet":{"background-color":"var(--ast-global-color-5)","background-image":"","background-repeat":"repeat","background-position":"center center","background-size":"auto","background-attachment":"scroll","background-type":"","background-media":"","overlay-type":"","overlay-color":"","overlay-opacity":"","overlay-gradient":""},"mobile":{"background-color":"var(--ast-global-color-5)","background-image":"","background-repeat":"repeat","background-position":"center center","background-size":"auto","background-attachment":"scroll","background-type":"","background-media":"","overlay-type":"","overlay-color":"","overlay-opacity":"","overlay-gradient":""}}},"product_brand":[],"product_cat":[53],"product_tag":[],"class_list":{"0":"post-2562","1":"product","2":"type-product","3":"status-publish","4":"has-post-thumbnail","6":"product_cat-ecran-vitrine","7":"desktop-align-left","8":"tablet-align-left","9":"mobile-align-left","11":"first","12":"instock","13":"sale","14":"taxable","15":"shipping-taxable","16":"purchasable","17":"product-type-simple"},"aioseo_notices":[],"uagb_featured_image_src":{"full":["https:\/\/digitactile.com\/wp-content\/uploads\/2024\/07\/vitrine-screen.png",300,300,false],"thumbnail":["https:\/\/digitactile.com\/wp-content\/uploads\/2024\/07\/vitrine-screen-150x150.png",150,150,true],"medium":["https:\/\/digitactile.com\/wp-content\/uploads\/2024\/07\/vitrine-screen.png",300,300,false],"medium_large":["https:\/\/digitactile.com\/wp-content\/uploads\/2024\/07\/vitrine-screen.png",300,300,false],"large":["https:\/\/digitactile.com\/wp-content\/uploads\/2024\/07\/vitrine-screen.png",300,300,false],"1536x1536":["https:\/\/digitactile.com\/wp-content\/uploads\/2024\/07\/vitrine-screen.png",300,300,false],"2048x2048":["https:\/\/digitactile.com\/wp-content\/uploads\/2024\/07\/vitrine-screen.png",300,300,false],"woocommerce_thumbnail":["https:\/\/digitactile.com\/wp-content\/uploads\/2024\/07\/vitrine-screen.png",300,300,false],"woocommerce_single":["https:\/\/digitactile.com\/wp-content\/uploads\/2024\/07\/vitrine-screen.png",300,300,false],"woocommerce_gallery_thumbnail":["https:\/\/digitactile.com\/wp-content\/uploads\/2024\/07\/vitrine-screen-100x100.png",100,100,true]},"uagb_author_info":{"display_name":"driss","author_link":"https:\/\/digitactile.com\/index.php\/author\/"},"uagb_comment_info":0,"uagb_excerpt":"Mod\u00e8le : iiyama Digital Signage Windows 43\" ou 55\" Utilisation : Vitrines de magasins, halls d'accueil, lieux \u00e0 fort passage Tailles Disponibles : 43 pouces et 55 pouces R\u00e9solution : Haute d\u00e9finition Technologie : Digital Signage Windows Caract\u00e9ristiques Principales : Affichage dynamique et lumineux Technologie avanc\u00e9e pour une visibilit\u00e9 optimale Id\u00e9al pour la diffusion de\u2026","jetpack_sharing_enabled":true,"_links":{"self":[{"href":"https:\/\/digitactile.com\/index.php\/wp-json\/wp\/v2\/product\/2562","targetHints":{"allow":["GET"]}}],"collection":[{"href":"https:\/\/digitactile.com\/index.php\/wp-json\/wp\/v2\/product"}],"about":[{"href":"https:\/\/digitactile.com\/index.php\/wp-json\/wp\/v2\/types\/product"}],"version-history":[{"count":18,"href":"https:\/\/digitactile.com\/index.php\/wp-json\/wp\/v2\/product\/2562\/revisions"}],"predecessor-version":[{"id":6458,"href":"https:\/\/digitactile.com\/index.php\/wp-json\/wp\/v2\/product\/2562\/revisions\/6458"}],"wp:featuredmedia":[{"embeddable":true,"href":"https:\/\/digitactile.com\/index.php\/wp-json\/wp\/v2\/media\/2565"}],"wp:attachment":[{"href":"https:\/\/digitactile.com\/index.php\/wp-json\/wp\/v2\/media?parent=2562"}],"wp:term":[{"taxonomy":"product_brand","embeddable":true,"href":"https:\/\/digitactile.com\/index.php\/wp-json\/wp\/v2\/product_brand?post=2562"},{"taxonomy":"product_cat","embeddable":true,"href":"https:\/\/digitactile.com\/index.php\/wp-json\/wp\/v2\/product_cat?post=2562"},{"taxonomy":"product_tag","embeddable":true,"href":"https:\/\/digitactile.com\/index.php\/wp-json\/wp\/v2\/product_tag?post=2562"}],"curies":[{"name":"wp","href":"https:\/\/api.w.org\/{rel}","templated":true}]}}